{"id":2,"date":"2020-12-18T07:00:56","date_gmt":"2020-12-18T07:00:56","guid":{"rendered":"https:\/\/jernaldervej41.dk\/?page_id=2"},"modified":"2024-03-27T11:01:17","modified_gmt":"2024-03-27T11:01:17","slug":"home","status":"publish","type":"page","link":"https:\/\/jernaldervej41.dk\/","title":{"rendered":"home"},"content":{"rendered":"<p>[et_pb_section fb_built=&#8221;1&#8243; admin_label=&#8221;Header&#8221; _builder_version=&#8221;4.24.2&#8243; _module_preset=&#8221;default&#8221; use_background_color_gradient=&#8221;on&#8221; background_color_gradient_stops=&#8221;rgba(0,0,0,0.5) 0%|rgba(0,0,0,0.5) 100%&#8221; background_color_gradient_overlays_image=&#8221;on&#8221; background_image=&#8221;https:\/\/jernaldervej41.dk\/wp-content\/uploads\/2024\/03\/jernaldervej41-scaled.jpg&#8221; parallax=&#8221;on&#8221; custom_padding=&#8221;6vw||||false|false&#8221; collapsed=&#8221;on&#8221; global_colors_info=&#8221;{}&#8221;][et_pb_row _builder_version=&#8221;4.24.2&#8243; _module_preset=&#8221;default&#8221; width=&#8221;90%&#8221; max_width=&#8221;none&#8221; global_colors_info=&#8221;{}&#8221;][et_pb_column type=&#8221;4_4&#8243; _builder_version=&#8221;4.24.1&#8243; _module_preset=&#8221;default&#8221; global_colors_info=&#8221;{}&#8221;][et_pb_text _builder_version=&#8221;4.24.2&#8243; _module_preset=&#8221;b2d35113-a81c-4e06-bfca-4d59a5baca32&#8243; header_text_color=&#8221;#FFFFFF&#8221; text_orientation=&#8221;center&#8221; custom_margin=&#8221;||10px||false|false&#8221; global_colors_info=&#8221;{}&#8221;]<\/p>\n<h1>Jernaldervej 41<\/h1>\n<p>[\/et_pb_text][et_pb_text quote_border_color=&#8221;#FFFFFF&#8221; _builder_version=&#8221;4.24.2&#8243; _module_preset=&#8221;c39ce55d-1044-4669-b1a3-de0c17553b9a&#8221; text_font=&#8221;Arial|||on|||||&#8221; text_text_color=&#8221;#FFFFFF&#8221; link_text_color=&#8221;#FFFFFF&#8221; quote_text_color=&#8221;#FFFFFF&#8221; text_orientation=&#8221;center&#8221; max_width=&#8221;900px&#8221; module_alignment=&#8221;center&#8221; global_colors_info=&#8221;{}&#8221;][\/et_pb_text][et_pb_button button_text=&#8221;Moderne lejligheder med charme fra 1880&#8243; button_alignment=&#8221;center&#8221; _builder_version=&#8221;4.24.2&#8243; _module_preset=&#8221;47f0989b-323a-40eb-bdae-5cda51fe22f3&#8243; global_colors_info=&#8221;{}&#8221;][\/et_pb_button][\/et_pb_column][\/et_pb_row][\/et_pb_section][et_pb_section fb_built=&#8221;1&#8243; admin_label=&#8221;About&#8221; _builder_version=&#8221;4.24.2&#8243; _module_preset=&#8221;default&#8221; custom_padding=&#8221;8vw||8vw||true|false&#8221; collapsed=&#8221;on&#8221; global_colors_info=&#8221;{}&#8221;][et_pb_row _builder_version=&#8221;4.24.1&#8243; _module_preset=&#8221;default&#8221; global_colors_info=&#8221;{}&#8221;][et_pb_column type=&#8221;4_4&#8243; _builder_version=&#8221;4.24.1&#8243; _module_preset=&#8221;default&#8221; global_colors_info=&#8221;{}&#8221;][et_pb_text _builder_version=&#8221;4.24.2&#8243; _module_preset=&#8221;7a5e89ce-77ad-45b9-9c19-2ce658f4d5c5&#8243; global_colors_info=&#8221;{}&#8221;][\/et_pb_text][et_pb_text _builder_version=&#8221;4.24.1&#8243; _module_preset=&#8221;db26f5d0-c50f-48e4-93e2-86eafc0b6c2c&#8221; global_colors_info=&#8221;{}&#8221;]<\/p>\n<h3>Her p\u00e5 siden finder du alt du har brug for som lejer p\u00e5 Jernaldervej 41 &#8211; velkommen.<\/h3>\n<p>[\/et_pb_text][\/et_pb_column][\/et_pb_row][\/et_pb_section][et_pb_section fb_built=&#8221;1&#8243; admin_label=&#8221;Menu&#8221; _builder_version=&#8221;4.24.2&#8243; _module_preset=&#8221;default&#8221; background_color=&#8221;#000000&#8243; custom_padding=&#8221;|10%||10%|false|true&#8221; collapsed=&#8221;on&#8221; global_colors_info=&#8221;{}&#8221;][et_pb_row column_structure=&#8221;1_2,1_2&#8243; _builder_version=&#8221;4.24.2&#8243; _module_preset=&#8221;default&#8221; custom_margin=&#8221;47px|auto||auto||&#8221; global_colors_info=&#8221;{}&#8221;][et_pb_column type=&#8221;1_2&#8243; _builder_version=&#8221;4.24.2&#8243; _module_preset=&#8221;default&#8221; global_colors_info=&#8221;{}&#8221;][et_pb_text _builder_version=&#8221;4.24.2&#8243; _module_preset=&#8221;default&#8221; text_text_color=&#8221;#FFFFFF&#8221; global_colors_info=&#8221;{}&#8221;]<\/p>\n<p>\u00d8nsker du meddelelser om f.eks driftsforstyrrelser, s\u00e5 er det en rigtig god ide at tilmelde din mobiltelefon her til h\u00f8jre.<\/p>\n<p>Orientering om driftsforstyrrelser fra v\u00e6rkerne skal du tilmelde dig her:<\/p>\n<p><a href=\"https:\/\/www.kredslob.dk\/selvbetjening\">https:\/\/www.kredslob.dk\/selvbetjening<\/a><\/p>\n<p>[\/et_pb_text][\/et_pb_column][et_pb_column type=&#8221;1_2&#8243; _builder_version=&#8221;4.24.2&#8243; _module_preset=&#8221;default&#8221; global_colors_info=&#8221;{}&#8221;][et_pb_code _builder_version=&#8221;4.24.2&#8243; _module_preset=&#8221;default&#8221; global_colors_info=&#8221;{}&#8221;]<\/p>\n<form action=\"https:\/\/mm.inmobile.dk\/api\/publicforms\/subscribe\/v1\/eb143042-307b-40a1-94d6-3bce1b76c061?cId=8d4bca4e-48f6-483d-a081-035c26abcd84\" method=\"post\"><!-- [et_pb_line_break_holder] -->    <input type=\"hidden\" name=\"countrycode\" value=\"45\" \/><!-- [et_pb_line_break_holder] -->    <input type=\"hidden\" name=\"redirectUrl\" value=\"\" \/><!-- [et_pb_line_break_holder] --><!-- [et_pb_line_break_holder] -->    <pee><!-- [et_pb_line_break_holder] -->        <label for=\"phonenumber\">Mobilnummer<\/label><!\u2013- [et_pb_br_holder] -\u2013><!-- [et_pb_line_break_holder] -->        +45 <input type=\"text\" name=\"phonenumber\" value=\"\" required \/><!-- [et_pb_line_break_holder] -->    <\/pee><!-- [et_pb_line_break_holder] -->    <pee><!-- [et_pb_line_break_holder] -->        <label for=\"name\">Navn<\/label><!\u2013- [et_pb_br_holder] -\u2013><!-- [et_pb_line_break_holder] -->        <input type=\"text\" name=\"name\" value=\"\" placeholder=\"Navn\" \/><!-- [et_pb_line_break_holder] -->    <\/pee><!-- [et_pb_line_break_holder] --><!-- [et_pb_line_break_holder] -->    <pee><!-- [et_pb_line_break_holder] -->        <button type=\"submit\">Tilmeld<\/button><!-- [et_pb_line_break_holder] -->    <\/pee><!-- [et_pb_line_break_holder] --><\/form>\n<p>[\/et_pb_code][\/et_pb_column][\/et_pb_row][\/et_pb_section][et_pb_section fb_built=&#8221;1&#8243; _builder_version=&#8221;4.24.2&#8243; _module_preset=&#8221;default&#8221; global_colors_info=&#8221;{}&#8221;][et_pb_row _builder_version=&#8221;4.24.2&#8243; _module_preset=&#8221;default&#8221; global_colors_info=&#8221;{}&#8221;][et_pb_column type=&#8221;4_4&#8243; _builder_version=&#8221;4.24.2&#8243; _module_preset=&#8221;default&#8221; global_colors_info=&#8221;{}&#8221;][et_pb_text _builder_version=&#8221;4.24.2&#8243; _module_preset=&#8221;default&#8221; global_colors_info=&#8221;{}&#8221;]<\/p>\n<p><b>Husorden for Gymnastikg\u00e5rden, Jernaldervej 41, 8210 Aarhus V.<\/b><\/p>\n<p><span style=\"font-weight: 400;\">Som hovedregel opfordres beboerne til i alle forhold at vise hensynsfuldhed overfor andre beboere og for bebyggelsen som helhed. Efterf\u00f8lgende regler g\u00e6lder for alle beboere:<\/span><\/p>\n<ol>\n<li><span style=\"font-weight: 400;\"><\/span> <span style=\"font-weight: 400;\">Det p\u00e5hviler beboerne, at lejem\u00e5lene til enhver tid holdes i forsvarlig stand. Al indvendig vedligeholdelse p\u00e5hviler lejeren.<\/span><\/li>\n<li>Fejl eller uorden ved installationer til vand, el, varme og afl\u00f8b skal omg\u00e5ende meldes til kontoret. Lejem\u00e5lets indehaver(e) er pligtig til at refundere ejendommen alle udgifter stammende fra ut\u00e6tte cisterner o.lign., som man har undladt at anmelde. Udluftning m\u00e5 i vinterhalv\u00e5ret kun ske i korte perioder med lukkede radiatorer.<\/li>\n<\/ol>\n<ol start=\"3\">\n<li><span style=\"font-weight: 400;\"><\/span> <span style=\"font-weight: 400;\">Der m\u00e5 ikke henstilles cykler, barnevogne el. andre ting i indgangsarealerne (iflg. Brandv\u00e6senets bestemmelser).<\/span><\/li>\n<\/ol>\n<ol start=\"4\">\n<li><span style=\"font-weight: 400;\"><\/span> <span style=\"font-weight: 400;\">Der m\u00e5 ikke spilles h\u00f8j musik for \u00e5bne vinduer. Lejere skal tage de n\u00f8dvendige hensyn til de andre lejeres behov for l\u00e6sero og nattes\u00f8vn, og derfor skal en st\u00f8jklage eller klage respekteres f\u00f8rste gang. Lejernes og deres g\u00e6sters f\u00e6rden skal i \u00f8vrigt ske p\u00e5 en s\u00e5dan m\u00e5de, at det ikke er til ulempe for de andre beboere eller for de b\u00f8rn og voksne, som kommer til undervisning p\u00e5 Gymnastikg\u00e5rden. Der skal som hovedregel v\u00e6re ro mellem 23.00 og 07.00. N\u00e5r der holdes fester eller andre begivenheder, hvor mere st\u00f8j end normalt vil kunne forekomme, skal lejerne varsle alle naboer om tidspunktet.<\/span><\/li>\n<li><span style=\"font-weight: 400;\"><\/span> <span style=\"font-weight: 400;\">I lejem\u00e5l med f\u00e6lles k\u00f8kken og bad forpligter alle beboere sig til at tage deres del af reng\u00f8ringen efter f\u00e6lles aftale samt at holde f\u00e6llesarealerne i orden. Der skal i k\u00f8kkenet ryddes op\/vaskes op efter hver madlavning, s\u00e5 de \u00f8vrige beboere har mulighed for at komme til. Der m\u00e5 ikke st\u00e5 cykler og t\u00f8rrestativer p\u00e5 f\u00e6llesarealerne.<\/span><\/li>\n<li><span style=\"font-weight: 400;\"><\/span> <span style=\"font-weight: 400;\">Cykler skal anbringes i de dertil indrettede cykelstativer eller i cykelskuret.<\/span><\/li>\n<\/ol>\n<ol start=\"7\">\n<li><span style=\"font-weight: 400;\"><\/span> <span style=\"font-weight: 400;\">Biler og motorcykler m\u00e5 kun parkeres p\u00e5 de store indhegnede parkeringspladser \u2014 ikke p\u00e5 selve g\u00e5rdspladsen mellem bygningerne.<\/span><\/li>\n<li><span style=\"font-weight: 400;\"><\/span> <span style=\"font-weight: 400;\">Intet affald m\u00e5 henkastes i g\u00e5rden eller anbringes andet sted end i den dertil opstillede container. Pap- og papiraffald skal anbringes i papircontaineren ved parkeringspladsen p\u00e5 \u00f8stsiden. Den enkelte lejer s\u00f8rger selv for fjernelse af storskrald.<\/span><\/li>\n<li><span style=\"font-weight: 400;\"><\/span> <span style=\"font-weight: 400;\">Husdyr af enhver art m\u00e5 ikke v\u00e6re til ulempe for andre beboere, heller ikke n\u00e5r de f\u00e6rdes uden for lejligheden, og<\/span> <span style=\"font-weight: 400;\">deres efterladenskaber skal fjernes af ejeren.<\/span><\/li>\n<li><span style=\"font-weight: 400;\"><\/span> <span style=\"font-weight: 400;\">Alle Gymnastikg\u00e5rdens lejem\u00e5l er r\u00f8gfri indend\u00f8rs. Rygning er kun tilladt udend\u00f8rs, og cigaretskod skal fjernes.<\/span><\/li>\n<li><span style=\"font-weight: 400;\"><\/span> <span style=\"font-weight: 400;\">Af hensyn til Gymnastikg\u00e5rdens \u00f8vrige beboere er fremleje og AirBnB udlejning ikke tilladt<\/span><\/li>\n<li><span style=\"font-weight: 400;\"><\/span> <span style=\"font-weight: 400;\">Snerydning og saltning foretages af beboeren, som har rydningspligt. Dette g\u00f8res p\u00e5 fortove og gangsti efter snefald og isslag, i henhold til g\u00e6ldende lovgivning.<\/span><\/li>\n<li><span style=\"font-weight: 400;\"><\/span> <span style=\"font-weight: 400;\">Overtr\u00e6delse af ejendommens husorden medf\u00f8rer varsling. Ved gentagelser opsiges\/oph\u00e6ves lejem\u00e5let i henhold til \u00a7\u00a7 83e og 93g i Lov om leje.<\/span><\/li>\n<\/ol>\n<p><span style=\"font-weight: 400;\">\u00a0<\/span><\/p>\n<p><span style=\"font-weight: 400;\">Administrationen har ret til at p\u00e5tale overtr\u00e6delse af husordenen, og deres anvisninger skal f\u00f8lges. I \u00f8vrigt henvises til Lejeloven.<\/span><\/p>\n<p>&nbsp;<\/p>\n<p>&nbsp;<\/p>\n<p>[\/et_pb_text][\/et_pb_column][\/et_pb_row][\/et_pb_section][et_pb_section fb_built=&#8221;1&#8243; admin_label=&#8221;Menu&#8221; _builder_version=&#8221;4.24.2&#8243; _module_preset=&#8221;default&#8221; background_color=&#8221;#000000&#8243; custom_padding=&#8221;|10%||10%|false|true&#8221; collapsed=&#8221;on&#8221; global_colors_info=&#8221;{}&#8221;][et_pb_row _builder_version=&#8221;4.24.2&#8243; _module_preset=&#8221;default&#8221; custom_margin=&#8221;47px|auto||auto||&#8221; global_colors_info=&#8221;{}&#8221;][et_pb_column type=&#8221;4_4&#8243; _builder_version=&#8221;4.24.2&#8243; _module_preset=&#8221;default&#8221; global_colors_info=&#8221;{}&#8221;][et_pb_text _builder_version=&#8221;4.24.2&#8243; _module_preset=&#8221;default&#8221; text_text_color=&#8221;#FFFFFF&#8221; hover_enabled=&#8221;0&#8243; global_colors_info=&#8221;{}&#8221; sticky_enabled=&#8221;0&#8243;]<\/p>\n<p>Ved skader eller reparationer, ret venligst henvendelse til: <a href=\"mailto:lars@godbersen.dk\">lars@godbersen.dk<\/a><\/p>\n<p>Haster din henvendelse, ring til:<\/p>\n<p>[\/et_pb_text][\/et_pb_column][\/et_pb_row][\/et_pb_section]<\/p>\n","protected":false},"excerpt":{"rendered":"<p>Jernaldervej 41Her p\u00e5 siden finder du alt du har brug for som lejer p\u00e5 Jernaldervej 41 &#8211; velkommen.\u00d8nsker du meddelelser om f.eks driftsforstyrrelser, s\u00e5 er det en rigtig god ide at tilmelde din mobiltelefon her til h\u00f8jre. Orientering om driftsforstyrrelser fra v\u00e6rkerne skal du tilmelde dig her: https:\/\/www.kredslob.dk\/selvbetjeningHusorden for Gymnastikg\u00e5rden, Jernaldervej 41, 8210 Aarhus V. [&hellip;]<\/p>\n","protected":false},"author":1,"featured_media":0,"parent":0,"menu_order":0,"comment_status":"closed","ping_status":"closed","template":"","meta":{"_et_pb_use_builder":"on","_et_pb_old_content":"<!-- wp:paragraph -->\n<p>This is an example page. It's different from a blog post because it will stay in one place and will show up in your site navigation (in most themes). Most people start with an About page that introduces them to potential site visitors. It might say something like this:<\/p>\n<!-- \/wp:paragraph -->\n\n<!-- wp:quote -->\n<blockquote class=\"wp-block-quote\"><p>Hi there! I'm a bike messenger by day, aspiring actor by night, and this is my website. I live in Los Angeles, have a great dog named Jack, and I like pi&#241;a coladas. (And gettin' caught in the rain.)<\/p><\/blockquote>\n<!-- \/wp:quote -->\n\n<!-- wp:paragraph -->\n<p>...or something like this:<\/p>\n<!-- \/wp:paragraph -->\n\n<!-- wp:quote -->\n<blockquote class=\"wp-block-quote\"><p>The XYZ Doohickey Company was founded in 1971, and has been providing quality doohickeys to the public ever since. Located in Gotham City, XYZ employs over 2,000 people and does all kinds of awesome things for the Gotham community.<\/p><\/blockquote>\n<!-- \/wp:quote -->\n\n<!-- wp:paragraph -->\n<p>As a new WordPress user, you should go to <a href=\"https:\/\/jernaldervej41.dk\/wp-admin\/\">your dashboard<\/a> to delete this page and create new pages for your content. Have fun!<\/p>\n<!-- \/wp:paragraph -->","_et_gb_content_width":"","footnotes":""},"class_list":["post-2","page","type-page","status-publish","hentry"],"_links":{"self":[{"href":"https:\/\/jernaldervej41.dk\/index.php\/wp-json\/wp\/v2\/pages\/2","targetHints":{"allow":["GET"]}}],"collection":[{"href":"https:\/\/jernaldervej41.dk\/index.php\/wp-json\/wp\/v2\/pages"}],"about":[{"href":"https:\/\/jernaldervej41.dk\/index.php\/wp-json\/wp\/v2\/types\/page"}],"author":[{"embeddable":true,"href":"https:\/\/jernaldervej41.dk\/index.php\/wp-json\/wp\/v2\/users\/1"}],"replies":[{"embeddable":true,"href":"https:\/\/jernaldervej41.dk\/index.php\/wp-json\/wp\/v2\/comments?post=2"}],"version-history":[{"count":14,"href":"https:\/\/jernaldervej41.dk\/index.php\/wp-json\/wp\/v2\/pages\/2\/revisions"}],"predecessor-version":[{"id":88,"href":"https:\/\/jernaldervej41.dk\/index.php\/wp-json\/wp\/v2\/pages\/2\/revisions\/88"}],"wp:attachment":[{"href":"https:\/\/jernaldervej41.dk\/index.php\/wp-json\/wp\/v2\/media?parent=2"}],"curies":[{"name":"wp","href":"https:\/\/api.w.org\/{rel}","templated":true}]}}